{"id":721,"date":"2021-04-26T13:29:03","date_gmt":"2021-04-26T13:29:03","guid":{"rendered":"https:\/\/demo.creativethemes.com\/brizy\/tasty\/?page_id=721"},"modified":"2025-05-12T17:48:30","modified_gmt":"2025-05-12T23:48:30","slug":"quienes-somos","status":"publish","type":"page","link":"https:\/\/relileu.izt.uam.mx\/index.php\/quienes-somos\/","title":{"rendered":"Qui\u00e9nes Somos"},"content":{"rendered":"\t\t<div data-elementor-type=\"wp-page\" data-elementor-id=\"721\" class=\"elementor elementor-721\" data-elementor-post-type=\"page\">\n\t\t\t\t<div class=\"elementor-element elementor-element-4228136 e-flex e-con-boxed e-con e-parent\" data-id=\"4228136\" data-element_type=\"container\" data-e-type=\"container\">\n\t\t\t\t\t<div class=\"e-con-inner\">\n\t\t\t\t<div class=\"elementor-element elementor-element-14ecc60 elementor-widget elementor-widget-heading\" data-id=\"14ecc60\" data-element_type=\"widget\" data-e-type=\"widget\" data-widget_type=\"heading.default\">\n\t\t\t\t<div class=\"elementor-widget-container\">\n\t\t\t\t\t<h2 class=\"elementor-heading-title elementor-size-default\">Qui\u00e9nes Somos<\/h2>\t\t\t\t<\/div>\n\t\t\t\t<\/div>\n\t\t\t\t\t<\/div>\n\t\t\t\t<\/div>\n\t\t<div class=\"elementor-element elementor-element-a9c4ee9 e-flex e-con-boxed e-con e-parent\" data-id=\"a9c4ee9\" data-element_type=\"container\" data-e-type=\"container\">\n\t\t\t\t\t<div class=\"e-con-inner\">\n\t\t<div class=\"elementor-element elementor-element-6aa30fc e-con-full e-flex e-con e-child\" data-id=\"6aa30fc\" data-element_type=\"container\" data-e-type=\"container\">\n\t\t\t\t<div class=\"elementor-element elementor-element-3b86ad8 elementor-widget elementor-widget-text-editor\" data-id=\"3b86ad8\" data-element_type=\"widget\" data-e-type=\"widget\" data-widget_type=\"text-editor.default\">\n\t\t\t\t<div class=\"elementor-widget-container\">\n\t\t\t\t\t\t\t\t\t<div id=\"\" class=\"brz-css-9wcvmc brz-wrapper brz-animated brz-css-evdtjv brz-css-1axx48r brz-initialized brz-animate brz-animate-opacity\" data-brz-iteration-count=\"1\" data-animationid=\"btoqobzmtfgrlicxikebncucwiytaqibkngn\" data-brz-iteration-completed=\"2\"><div class=\"brz-rich-text brz-rich-text__custom brz-css-obg82e\" data-brz-custom-id=\"wvhejhleccupmzasgzwhsrzellxpwdunlqlo\"><div data-brz-translate-text=\"1\"><p class=\"brz-fs-sm-17 brz-tp-lg-paragraph brz-lh-sm-1_8 brz-fs-xs-16 brz-lh-xs-1_7 brz-text-lg-justify brz-text-xs-justify brz-css-vtUL4\" data-generated-css=\"brz-css-ogaex\" data-uniq-id=\"mgqkw\"><span class=\"brz-cp-color2\">El inter\u00e9s por discutir, analizar, investigar y formular propuestas en torno a los procesos de ense\u00f1anza-aprendizaje de las habilidades lectoescriturales en las Instituciones de Educaci\u00f3n Superior (IES) re\u00fane \u2014desde 2018\u2014 a docentes universitarios de diversas instituciones\u2014tanto p\u00fablicas como privadas\u2014 de Latinoam\u00e9rica. El v\u00ednculo entre los miembros de esta red es la preocupaci\u00f3n por actualizar la discusi\u00f3n acad\u00e9mica acerca de los m\u00e9todos y las formas con los que se ense\u00f1a a leer y escribir en las universidades del continente.<\/span><\/p><\/div><\/div><\/div><div id=\"\" class=\"brz-css-9wcvmc brz-wrapper brz-animated brz-css-evdtjv brz-css-8n9srl brz-initialized brz-animate brz-animate-opacity\" data-brz-iteration-count=\"1\" data-animationid=\"xcacdrkqivwpxphedqguuwzgziilnluhtjxb\" data-brz-iteration-completed=\"2\"><div class=\"brz-rich-text brz-rich-text__custom brz-css-obg82e\" data-brz-custom-id=\"tperjocizppyeqsknlykvlklvtvcsdyfcfhj\"><div data-brz-translate-text=\"1\"><p class=\"brz-text-xs-justify brz-lh-sm-1_8 brz-tp-lg-paragraph brz-fs-sm-17 brz-fs-xs-16 brz-lh-xs-1_7 brz-text-lg-justify brz-css-f4CrT\" data-generated-css=\"brz-css-jkzyi\" data-uniq-id=\"dsdnc\"><span class=\"brz-cp-color2\">Nuestras formaciones profesionales y nuestras l\u00edneas de investigaci\u00f3n, si bien confluyentes en la idea \u201cdesarrollo de las habilidades de lectura y escritura\u201d, conforman un crisol muy amplio. La ling\u00fc\u00edstica, la pedagog\u00eda, los estudios literarios y la bibliotecolog\u00eda nos permiten configurar una discusi\u00f3n inter-multi-trans disciplinaria cuyo objetivo fundamental es descubrir por qu\u00e9 la ense\u00f1anza de la escritura y la lectura resulta sumamente necesaria para el apropio desarrollo de los estudios universitarios.<\/span><\/p><\/div><\/div><\/div>\t\t\t\t\t\t\t\t<\/div>\n\t\t\t\t<\/div>\n\t\t\t\t<\/div>\n\t\t<div class=\"elementor-element elementor-element-c078c80 e-con-full e-flex e-con e-child\" data-id=\"c078c80\" data-element_type=\"container\" data-e-type=\"container\">\n\t\t\t\t<div class=\"elementor-element elementor-element-ddb3612 elementor-widget elementor-widget-image\" data-id=\"ddb3612\" data-element_type=\"widget\" data-e-type=\"widget\" data-widget_type=\"image.default\">\n\t\t\t\t<div class=\"elementor-widget-container\">\n\t\t\t\t\t\t\t\t\t\t\t\t\t\t\t<img fetchpriority=\"high\" decoding=\"async\" width=\"768\" height=\"439\" src=\"https:\/\/relileu.izt.uam.mx\/wp-content\/uploads\/2023\/09\/Logos-Relileu-Video-768x439.png\" class=\"attachment-medium_large size-medium_large wp-image-5566\" alt=\"\" srcset=\"https:\/\/relileu.izt.uam.mx\/wp-content\/uploads\/2023\/09\/Logos-Relileu-Video-768x439.png 768w, https:\/\/relileu.izt.uam.mx\/wp-content\/uploads\/2023\/09\/Logos-Relileu-Video-300x171.png 300w, https:\/\/relileu.izt.uam.mx\/wp-content\/uploads\/2023\/09\/Logos-Relileu-Video-1024x585.png 1024w, https:\/\/relileu.izt.uam.mx\/wp-content\/uploads\/2023\/09\/Logos-Relileu-Video.png 1050w\" sizes=\"(max-width: 768px) 100vw, 768px\" \/>\t\t\t\t\t\t\t\t\t\t\t\t\t\t\t<\/div>\n\t\t\t\t<\/div>\n\t\t\t\t<\/div>\n\t\t\t\t\t<\/div>\n\t\t\t\t<\/div>\n\t\t\t\t<\/div>\n\t\t","protected":false},"excerpt":{"rendered":"<p>Macaroon I love ice cream bear claw icing jelly beans jelly-o gingerbread cookie. Tootsie roll gummi bears liquorice brownie candy canes candy canes I love souffl\u00e9 bear claw.<\/p>\n","protected":false},"author":5,"featured_media":0,"parent":0,"menu_order":0,"comment_status":"closed","ping_status":"closed","template":"","meta":{"footnotes":""},"class_list":["post-721","page","type-page","status-publish","hentry"],"blocksy_meta":{"page_title_panel":"","has_hero_section":"default","82186985977033cfcdcff05ec1ea349d":"","hero_section":"type-2","hero_elements":[{"id":"custom_title","enabled":true,"heading_tag":"h1","title":"Home","__id":"Vi_RUHfd6F5VThCioCIyt"},{"id":"custom_description","enabled":true,"description_visibility":{"desktop":true,"tablet":true,"mobile":false},"__id":"9qDS80wvGZdw5qPMJ5ZPd"},{"id":"custom_meta","enabled":false,"meta_elements":[{"id":"author","enabled":true,"label":"By","has_author_avatar":"yes","avatar_size":25},{"id":"post_date","enabled":true,"label":"On","date_format_source":"default","date_format":"M j, Y"},{"id":"comments","enabled":true}],"page_meta_elements":{"joined":true,"articles_count":true,"comments":true},"__id":"QUpNiQYynnTCck3Psx-Ot"},{"id":"breadcrumbs","enabled":false,"__id":"jQQStnZ6U9eJj99REFGKM"}],"59f1d5f0dbb09d7fe9689f736da32f75":"","hero_alignment1":"left","hero_margin":40,"hero_alignment2":"center","hero_vertical_alignment":"center","faa05a054595c3a78dd4bf6bdb71f9dd":"","hero_structure":"narrow","deed5c22c2bf77f5cb79f1d24e1f0221":"","page_title_bg_type":"featured_image","custom_hero_background":{"attachment_id":null},"parallax":{"desktop":false,"tablet":false,"mobile":false},"6284f8ff93918bb90f2dca214ccf4da3":"","hero_height":"250px","pageTitleFont":{"family":"Default","variation":"Default","size":{"desktop":"32px","tablet":"30px","mobile":"25px"},"line-height":"CT_CSS_SKIP_RULE","letter-spacing":"CT_CSS_SKIP_RULE","text-transform":"CT_CSS_SKIP_RULE","text-decoration":"CT_CSS_SKIP_RULE"},"pageTitleFontColor":{"default":{"color":"CT_CSS_SKIP_RULEDEFAULT"}},"1370984e62c962f1b6905ea1cd3b100e":"","pageMetaFont":{"family":"Default","variation":"n6","size":"12px","line-height":"1.3","letter-spacing":"CT_CSS_SKIP_RULE","text-transform":"uppercase","text-decoration":"CT_CSS_SKIP_RULE"},"pageMetaFontColor":{"default":{"color":"CT_CSS_SKIP_RULEDEFAULT"},"hover":{"color":"CT_CSS_SKIP_RULEDEFAULT"}},"page_meta_button_type_font_colors":{"default":{"color":"CT_CSS_SKIP_RULEDEFAULT"},"hover":{"color":"CT_CSS_SKIP_RULEDEFAULT"}},"page_meta_button_type_background_colors":{"default":{"color":"CT_CSS_SKIP_RULEDEFAULT"},"hover":{"color":"CT_CSS_SKIP_RULEDEFAULT"}},"bc792f0f37a8ffa4ef48c3bb7f6167af":"","pageExcerptFont":{"family":"Default","variation":"Default","size":"CT_CSS_SKIP_RULE","line-height":"CT_CSS_SKIP_RULE","letter-spacing":"CT_CSS_SKIP_RULE","text-transform":"CT_CSS_SKIP_RULE","text-decoration":"CT_CSS_SKIP_RULE"},"pageExcerptColor":{"default":{"color":"CT_CSS_SKIP_RULEDEFAULT"}},"fe6d4e4713896b81baaaf4adaa543ac0":"","breadcrumbsFont":{"family":"Default","variation":"n6","size":"12px","line-height":"CT_CSS_SKIP_RULE","letter-spacing":"CT_CSS_SKIP_RULE","text-transform":"uppercase","text-decoration":"CT_CSS_SKIP_RULE"},"breadcrumbsFontColor":{"default":{"color":"CT_CSS_SKIP_RULEDEFAULT"},"initial":{"color":"CT_CSS_SKIP_RULEDEFAULT"},"hover":{"color":"CT_CSS_SKIP_RULEDEFAULT"}},"0eb3c3375f3199b73a35da9a94f19119":"","pageTitleOverlay":{"default":{"color":"CT_CSS_SKIP_RULE"}},"d43cfbf999ecd932053e49322bcd87f0":"","pageTitleBackground":{"background_type":"color","background_pattern":"type-1","background_image":{"attachment_id":null,"x":0,"y":0},"gradient":"linear-gradient(135deg,rgba(6,147,227,1) 0%,rgb(155,81,224) 100%)","background_repeat":"no-repeat","background_size":"auto","background_attachment":"scroll","patternColor":{"default":{"color":"#e5e7ea"}},"overlayColor":{"default":{"color":"CT_CSS_SKIP_RULE"}},"backgroundColor":{"default":{"color":"var(--theme-palette-color-6)"}}},"4559a0bd6a4716fce7886d77d87658dc":"","pageTitlePadding":{"top":"50px","bottom":"50px","left":"auto","right":"auto","linked":true},"e1e37ab80b8812add0144b0ac6ead728":"","page_structure_type":"default","4c1068748b5f184e5633eedf014124ed":"","content_style_source":"inherit","content_style":"wide","vertical_spacing_source":"custom","content_area_spacing":"none","background":{"background_type":"color","background_pattern":"type-1","background_image":{"attachment_id":null,"x":0,"y":0},"gradient":"linear-gradient(135deg,rgba(6,147,227,1) 0%,rgb(155,81,224) 100%)","background_repeat":"no-repeat","background_size":"auto","background_attachment":"scroll","patternColor":{"default":{"color":"#e5e7ea"}},"overlayColor":{"default":{"color":"CT_CSS_SKIP_RULE"}},"backgroundColor":{"default":{"color":"CT_CSS_SKIP_RULE"}}},"content_background":{"background_type":"color","background_pattern":"type-1","background_image":{"attachment_id":null,"x":0,"y":0},"gradient":"linear-gradient(135deg,rgba(6,147,227,1) 0%,rgb(155,81,224) 100%)","background_repeat":"no-repeat","background_size":"auto","background_attachment":"scroll","patternColor":{"default":{"color":"#e5e7ea"}},"overlayColor":{"default":{"color":"CT_CSS_SKIP_RULE"}},"backgroundColor":{"default":{"color":"var(--theme-palette-color-8)"}}},"content_boxed_shadow":{"inherit":false,"blur":18,"spread":-6,"v_offset":12,"h_offset":0,"inset":false,"enable":true,"color":{"color":"rgba(34, 56, 101, 0.04)"}},"boxed_content_spacing":{"desktop":{"top":"40px","bottom":"40px","left":"40px","right":"40px","linked":true},"tablet":{"top":"35px","bottom":"35px","left":"35px","right":"35px","linked":true},"mobile":{"top":"20px","bottom":"20px","left":"20px","right":"20px","linked":true}},"content_boxed_radius":{"top":"3px","bottom":"3px","left":"3px","right":"3px","linked":true},"bcd239aea6858b06d1964584ff6fa8f3":"","disable_featured_image":"no","disable_header":"no","disable_footer":"no","styles_descriptor":{"styles":{"desktop":"","tablet":"","mobile":""},"google_fonts":[]},"0430a42247c8872016366d1e37cdb8ef":"","497bc35abb15a7a2506b28b3928dcdbd":"","103fea009d0d38d1504c18a86cf9b0a6":"","199d26c5ed74cba008418135d2dd459e":"","e7589f12a391e528139a8c97daa4748e":"","ac9f0ce92759a788bb9e7f050ac6439e":"","efb0bd7343badb5a7fd9c73ffee896b5":"","c45e3d6c5da0b3b385c1cca075c2bad3":"","897f5f0331add6cf2f81829f3aa00d1c":"","d1ea36888d15188a49aa8600d9c60465":"","1bbc7299db0d3d1e15b5d8d5e377e0c8":"","4cbdf63aa9e74457617be4c1c6a42884":"","339683ba98cb8dba9d4199cd61f0029b":"","8db9301ba07e313bc59ca5abffd41117":""},"_links":{"self":[{"href":"https:\/\/relileu.izt.uam.mx\/index.php\/wp-json\/wp\/v2\/pages\/721","targetHints":{"allow":["GET"]}}],"collection":[{"href":"https:\/\/relileu.izt.uam.mx\/index.php\/wp-json\/wp\/v2\/pages"}],"about":[{"href":"https:\/\/relileu.izt.uam.mx\/index.php\/wp-json\/wp\/v2\/types\/page"}],"author":[{"embeddable":true,"href":"https:\/\/relileu.izt.uam.mx\/index.php\/wp-json\/wp\/v2\/users\/5"}],"replies":[{"embeddable":true,"href":"https:\/\/relileu.izt.uam.mx\/index.php\/wp-json\/wp\/v2\/comments?post=721"}],"version-history":[{"count":9,"href":"https:\/\/relileu.izt.uam.mx\/index.php\/wp-json\/wp\/v2\/pages\/721\/revisions"}],"predecessor-version":[{"id":6003,"href":"https:\/\/relileu.izt.uam.mx\/index.php\/wp-json\/wp\/v2\/pages\/721\/revisions\/6003"}],"wp:attachment":[{"href":"https:\/\/relileu.izt.uam.mx\/index.php\/wp-json\/wp\/v2\/media?parent=721"}],"curies":[{"name":"wp","href":"https:\/\/api.w.org\/{rel}","templated":true}]}}