{"id":5968,"date":"2025-05-12T17:25:49","date_gmt":"2025-05-12T23:25:49","guid":{"rendered":"https:\/\/relileu.izt.uam.mx\/?page_id=5968"},"modified":"2026-02-22T23:12:14","modified_gmt":"2026-02-23T05:12:14","slug":"dra-sofia-amavizca-montano","status":"publish","type":"page","link":"https:\/\/relileu.izt.uam.mx\/index.php\/dra-sofia-amavizca-montano\/","title":{"rendered":"Dra. Sof\u00eda Amavizca Monta\u00f1o"},"content":{"rendered":"\t\t<div data-elementor-type=\"wp-page\" data-elementor-id=\"5968\" class=\"elementor elementor-5968\" data-elementor-post-type=\"page\">\n\t\t\t\t<div class=\"elementor-element elementor-element-2b43e8f e-flex e-con-boxed e-con e-parent\" data-id=\"2b43e8f\" data-element_type=\"container\" data-e-type=\"container\">\n\t\t\t\t\t<div class=\"e-con-inner\">\n\t\t\t\t<div class=\"elementor-element elementor-element-91fd4c2 elementor-widget elementor-widget-heading\" data-id=\"91fd4c2\" data-element_type=\"widget\" data-e-type=\"widget\" data-widget_type=\"heading.default\">\n\t\t\t\t<div class=\"elementor-widget-container\">\n\t\t\t\t\t<h2 class=\"elementor-heading-title elementor-size-default\">Dra. Sof\u00eda Amavizca Monta\u00f1o<\/h2>\t\t\t\t<\/div>\n\t\t\t\t<\/div>\n\t\t\t\t\t<\/div>\n\t\t\t\t<\/div>\n\t\t<div class=\"elementor-element elementor-element-cf14178 e-flex e-con-boxed e-con e-parent\" data-id=\"cf14178\" data-element_type=\"container\" data-e-type=\"container\">\n\t\t\t\t\t<div class=\"e-con-inner\">\n\t\t<div class=\"elementor-element elementor-element-55e7fd5 e-con-full e-flex e-con e-child\" data-id=\"55e7fd5\" data-element_type=\"container\" data-e-type=\"container\">\n\t\t\t\t<div class=\"elementor-element elementor-element-3446984 elementor-widget elementor-widget-image\" data-id=\"3446984\" data-element_type=\"widget\" data-e-type=\"widget\" data-widget_type=\"image.default\">\n\t\t\t\t<div class=\"elementor-widget-container\">\n\t\t\t\t\t\t\t\t\t\t\t\t\t\t\t<img fetchpriority=\"high\" decoding=\"async\" width=\"300\" height=\"300\" src=\"https:\/\/relileu.izt.uam.mx\/wp-content\/uploads\/2026\/02\/12-300x300.png\" class=\"attachment-medium size-medium wp-image-6080\" alt=\"\" srcset=\"https:\/\/relileu.izt.uam.mx\/wp-content\/uploads\/2026\/02\/12-300x300.png 300w, https:\/\/relileu.izt.uam.mx\/wp-content\/uploads\/2026\/02\/12-150x150.png 150w, https:\/\/relileu.izt.uam.mx\/wp-content\/uploads\/2026\/02\/12-768x768.png 768w, https:\/\/relileu.izt.uam.mx\/wp-content\/uploads\/2026\/02\/12.png 813w\" sizes=\"(max-width: 300px) 100vw, 300px\" \/>\t\t\t\t\t\t\t\t\t\t\t\t\t\t\t<\/div>\n\t\t\t\t<\/div>\n\t\t\t\t<\/div>\n\t\t<div class=\"elementor-element elementor-element-8b197c2 e-con-full e-flex e-con e-child\" data-id=\"8b197c2\" data-element_type=\"container\" data-e-type=\"container\">\n\t\t\t\t<div class=\"elementor-element elementor-element-974ce40 elementor-widget elementor-widget-text-editor\" data-id=\"974ce40\" data-element_type=\"widget\" data-e-type=\"widget\" data-widget_type=\"text-editor.default\">\n\t\t\t\t<div class=\"elementor-widget-container\">\n\t\t\t\t\t\t\t\t\t<p>Sof\u00eda Amavizca Monta\u00f1o es doctora en Humanidades por la Universidad de Sonora (2017), maestra en Educaci\u00f3n por la Universidad del Valle de M\u00e9xico y licenciada en Literaturas Hisp\u00e1nicas por la Universidad de Sonora. Cuenta con una amplia trayectoria como profesora investigadora en diferentes instituciones educativas. Labora en la Universidad Estatal de Sonora es responsable del Cuerpo Acad\u00e9mico Innovaci\u00f3n y Desarrollo Educativo(consolidado)y Coordinadora de la Editorial UES y. Es Perfil Deseable del Programa para el Desarrollo Profesional Docente (PRODEP, 2021-2024) y Candidata a SNI (2022-2025). Es miembro fundador de dos redes de investigaci\u00f3n: Red de Competencia y Red Latinoamericana de Investigaci\u00f3n sobre Literacidad para la Universidad (RELILEU). Cuenta publicaciones en revistas y es autora de cap\u00edtulos en libros nacionales e internacionales. Participa como dictaminadora en distintas editoriales, as\u00ed como en la revisi\u00f3n y actualizaci\u00f3n de planes de estudio de licenciaturas y posgrados. Colabora activamente en programas para la difusi\u00f3n de la lectura y la literatura regional.<\/p><p>Contacto: <a href=\"mailto:sofia.amavizca@ues.mx\">sofia.amavizca@ues.mx<\/a><\/p>\t\t\t\t\t\t\t\t<\/div>\n\t\t\t\t<\/div>\n\t\t\t\t<\/div>\n\t\t\t\t\t<\/div>\n\t\t\t\t<\/div>\n\t\t\t\t<\/div>\n\t\t","protected":false},"excerpt":{"rendered":"<p>Macaroon I love ice cream bear claw icing jelly beans jelly-o gingerbread cookie. Tootsie roll gummi bears liquorice brownie candy canes candy canes I love souffl\u00e9 bear claw.<\/p>\n","protected":false},"author":5,"featured_media":0,"parent":0,"menu_order":0,"comment_status":"closed","ping_status":"closed","template":"","meta":{"footnotes":""},"class_list":["post-5968","page","type-page","status-publish","hentry"],"blocksy_meta":{"page_title_panel":"","has_hero_section":"default","55a472f09ee204908b010ca00b403d6e":"","hero_section":"type-1","hero_elements":[{"id":"custom_title","enabled":true,"heading_tag":"h1","title":"Home"},{"id":"custom_description","enabled":true,"description_visibility":{"desktop":true,"tablet":true,"mobile":false}},{"id":"custom_meta","enabled":false,"meta_elements":[{"id":"author","enabled":true,"label":"By","has_author_avatar":"yes","avatar_size":25},{"id":"post_date","enabled":true,"label":"On","date_format_source":"default","date_format":"M j, Y"},{"id":"comments","enabled":true}],"page_meta_elements":{"joined":true,"articles_count":true,"comments":true}},{"id":"breadcrumbs","enabled":false}],"fed224dfc2939bcd3798b6da38391cc5":"","hero_alignment1":"left","hero_margin":40,"hero_alignment2":"center","hero_vertical_alignment":"center","24f7dc17896eb393cfe3f1d0efa34f9d":"","hero_structure":"narrow","1dd4181d1616c81e37879b946ef19f5a":"","page_title_bg_type":"featured_image","custom_hero_background":{"attachment_id":null},"parallax":{"desktop":false,"tablet":false,"mobile":false},"b1bcb984319d02b2910e06dcb3440ac0":"","hero_height":"250px","pageTitleFont":{"family":"Default","variation":"Default","size":{"desktop":"32px","tablet":"30px","mobile":"25px"},"line-height":"CT_CSS_SKIP_RULE","letter-spacing":"CT_CSS_SKIP_RULE","text-transform":"CT_CSS_SKIP_RULE","text-decoration":"CT_CSS_SKIP_RULE"},"pageTitleFontColor":{"default":{"color":"CT_CSS_SKIP_RULEDEFAULT"}},"eadf9de5363442706123ccf7d5ebafad":"","pageMetaFont":{"family":"Default","variation":"n6","size":"12px","line-height":"1.3","letter-spacing":"CT_CSS_SKIP_RULE","text-transform":"uppercase","text-decoration":"CT_CSS_SKIP_RULE"},"pageMetaFontColor":{"default":{"color":"CT_CSS_SKIP_RULEDEFAULT"},"hover":{"color":"CT_CSS_SKIP_RULEDEFAULT"}},"page_meta_button_type_font_colors":{"default":{"color":"CT_CSS_SKIP_RULEDEFAULT"},"hover":{"color":"CT_CSS_SKIP_RULEDEFAULT"}},"page_meta_button_type_background_colors":{"default":{"color":"CT_CSS_SKIP_RULEDEFAULT"},"hover":{"color":"CT_CSS_SKIP_RULEDEFAULT"}},"d445e3969639dc8e48d09de5d0506cfc":"","pageExcerptFont":{"family":"Default","variation":"Default","size":"CT_CSS_SKIP_RULE","line-height":"CT_CSS_SKIP_RULE","letter-spacing":"CT_CSS_SKIP_RULE","text-transform":"CT_CSS_SKIP_RULE","text-decoration":"CT_CSS_SKIP_RULE"},"pageExcerptColor":{"default":{"color":"CT_CSS_SKIP_RULEDEFAULT"}},"4cd714c14ae0bb274aa43be681d2edc6":"","breadcrumbsFont":{"family":"Default","variation":"n6","size":"12px","line-height":"CT_CSS_SKIP_RULE","letter-spacing":"CT_CSS_SKIP_RULE","text-transform":"uppercase","text-decoration":"CT_CSS_SKIP_RULE"},"breadcrumbsFontColor":{"default":{"color":"CT_CSS_SKIP_RULEDEFAULT"},"initial":{"color":"CT_CSS_SKIP_RULEDEFAULT"},"hover":{"color":"CT_CSS_SKIP_RULEDEFAULT"}},"27f953f03451fdcec3596af49d6c5950":"","pageTitleOverlay":{"default":{"color":"CT_CSS_SKIP_RULE"}},"9af70b1d8ca10565e30b20a356c77a45":"","pageTitleBackground":{"background_type":"color","background_pattern":"type-1","background_image":{"attachment_id":null,"x":0,"y":0},"gradient":"linear-gradient(135deg,rgba(6,147,227,1) 0%,rgb(155,81,224) 100%)","background_repeat":"no-repeat","background_size":"auto","background_attachment":"scroll","patternColor":{"default":{"color":"#e5e7ea"}},"overlayColor":{"default":{"color":"CT_CSS_SKIP_RULE"}},"backgroundColor":{"default":{"color":"var(--theme-palette-color-6)"}}},"1bfefc68dc8e687bcd2b781f9922cee4":"","pageTitlePadding":{"top":"50px","bottom":"50px","left":"auto","right":"auto","linked":true},"f8fb6ee9d09f2dd1d34b1776943b7bf7":"","page_structure_type":"default","8082052318217d70e2c2281d25cba610":"","content_style_source":"inherit","content_style":"wide","vertical_spacing_source":"custom","content_area_spacing":"none","background":{"background_type":"color","background_pattern":"type-1","background_image":{"attachment_id":null,"x":0,"y":0},"gradient":"linear-gradient(135deg,rgba(6,147,227,1) 0%,rgb(155,81,224) 100%)","background_repeat":"no-repeat","background_size":"auto","background_attachment":"scroll","patternColor":{"default":{"color":"#e5e7ea"}},"overlayColor":{"default":{"color":"CT_CSS_SKIP_RULE"}},"backgroundColor":{"default":{"color":"CT_CSS_SKIP_RULE"}}},"content_background":{"background_type":"color","background_pattern":"type-1","background_image":{"attachment_id":null,"x":0,"y":0},"gradient":"linear-gradient(135deg,rgba(6,147,227,1) 0%,rgb(155,81,224) 100%)","background_repeat":"no-repeat","background_size":"auto","background_attachment":"scroll","patternColor":{"default":{"color":"#e5e7ea"}},"overlayColor":{"default":{"color":"CT_CSS_SKIP_RULE"}},"backgroundColor":{"default":{"color":"var(--theme-palette-color-8)"}}},"content_boxed_shadow":{"inherit":false,"blur":18,"spread":-6,"v_offset":12,"h_offset":0,"inset":false,"enable":true,"color":{"color":"rgba(34, 56, 101, 0.04)"}},"boxed_content_spacing":{"desktop":{"top":"40px","bottom":"40px","left":"40px","right":"40px","linked":true},"tablet":{"top":"35px","bottom":"35px","left":"35px","right":"35px","linked":true},"mobile":{"top":"20px","bottom":"20px","left":"20px","right":"20px","linked":true}},"content_boxed_radius":{"top":"3px","bottom":"3px","left":"3px","right":"3px","linked":true},"5a759c03b8d1f3dc73f0ea13a9d97a72":"","disable_featured_image":"no","disable_header":"no","disable_footer":"no","styles_descriptor":{"styles":{"desktop":"","tablet":"","mobile":""},"google_fonts":[]}},"_links":{"self":[{"href":"https:\/\/relileu.izt.uam.mx\/index.php\/wp-json\/wp\/v2\/pages\/5968","targetHints":{"allow":["GET"]}}],"collection":[{"href":"https:\/\/relileu.izt.uam.mx\/index.php\/wp-json\/wp\/v2\/pages"}],"about":[{"href":"https:\/\/relileu.izt.uam.mx\/index.php\/wp-json\/wp\/v2\/types\/page"}],"author":[{"embeddable":true,"href":"https:\/\/relileu.izt.uam.mx\/index.php\/wp-json\/wp\/v2\/users\/5"}],"replies":[{"embeddable":true,"href":"https:\/\/relileu.izt.uam.mx\/index.php\/wp-json\/wp\/v2\/comments?post=5968"}],"version-history":[{"count":13,"href":"https:\/\/relileu.izt.uam.mx\/index.php\/wp-json\/wp\/v2\/pages\/5968\/revisions"}],"predecessor-version":[{"id":6091,"href":"https:\/\/relileu.izt.uam.mx\/index.php\/wp-json\/wp\/v2\/pages\/5968\/revisions\/6091"}],"wp:attachment":[{"href":"https:\/\/relileu.izt.uam.mx\/index.php\/wp-json\/wp\/v2\/media?parent=5968"}],"curies":[{"name":"wp","href":"https:\/\/api.w.org\/{rel}","templated":true}]}}