{"id":5050,"date":"2023-09-05T03:33:30","date_gmt":"2023-09-05T03:33:30","guid":{"rendered":"https:\/\/relileu.izt.uam.mx\/?page_id=5050"},"modified":"2025-07-07T08:53:57","modified_gmt":"2025-07-07T14:53:57","slug":"nuestra-historia","status":"publish","type":"page","link":"https:\/\/relileu.izt.uam.mx\/index.php\/nuestra-historia\/","title":{"rendered":"Nuestra Historia"},"content":{"rendered":"\t\t<div data-elementor-type=\"wp-page\" data-elementor-id=\"5050\" class=\"elementor elementor-5050\" data-elementor-post-type=\"page\">\n\t\t\t\t<div class=\"elementor-element elementor-element-67e0420 e-flex e-con-boxed e-con e-parent\" data-id=\"67e0420\" data-element_type=\"container\" data-e-type=\"container\">\n\t\t\t\t\t<div class=\"e-con-inner\">\n\t\t\t\t<div class=\"elementor-element elementor-element-237049c elementor-widget elementor-widget-heading\" data-id=\"237049c\" data-element_type=\"widget\" data-e-type=\"widget\" data-widget_type=\"heading.default\">\n\t\t\t\t<div class=\"elementor-widget-container\">\n\t\t\t\t\t<h2 class=\"elementor-heading-title elementor-size-default\">Nuestra Historia<\/h2>\t\t\t\t<\/div>\n\t\t\t\t<\/div>\n\t\t\t\t\t<\/div>\n\t\t\t\t<\/div>\n\t\t<div class=\"elementor-element elementor-element-b00d5f1 e-flex e-con-boxed e-con e-parent\" data-id=\"b00d5f1\" data-element_type=\"container\" data-e-type=\"container\">\n\t\t\t\t\t<div class=\"e-con-inner\">\n\t\t\t\t<div class=\"elementor-element elementor-element-34a2691 elementor-widget elementor-widget-text-editor\" data-id=\"34a2691\" data-element_type=\"widget\" data-e-type=\"widget\" data-widget_type=\"text-editor.default\">\n\t\t\t\t<div class=\"elementor-widget-container\">\n\t\t\t\t\t\t\t\t\t<div id=\"\" class=\"brz-css-9wcvmc brz-wrapper brz-animated brz-css-crbe2e brz-css-heinqm brz-initialized brz-animate-opacity\" data-brz-iteration-count=\"1\" data-animationid=\"uemtpgizveitelncisqvesajzkhfukzpgxmw\" data-brz-iteration-completed=\"2\"><div class=\"brz-rich-text brz-rich-text__custom brz-css-obg82e\" data-brz-custom-id=\"qcydwminsqachapkzdexdvnfhqraigszaspw\"><div data-brz-translate-text=\"1\"><p class=\"brz-fs-sm-17 brz-tp-lg-paragraph brz-lh-sm-1_8 brz-fs-xs-16 brz-lh-xs-1_7 brz-text-lg-justify brz-text-xs-justify brz-css-cW6pO\" data-generated-css=\"brz-css-xdplr\" data-uniq-id=\"oukyl\"><span class=\"brz-cp-color2\">Provenientes de distintas, e incluso alejadas, \u00e1reas disciplinares, la vinculaci\u00f3n de nuestras distintas l\u00edneas de investigaci\u00f3n ocurri\u00f3 \u2014como ser\u00eda de esperar en el \u00e1mbito acad\u00e9mico actual\u2014 a trav\u00e9s de la participaci\u00f3n en distintos eventos acad\u00e9micos \u2014congresos, mesas de trabajo, talleres\u2014, la colaboraci\u00f3n en libros especializados o el cotidiano desarrollo de nuestra labor docente en las aulas universitarias. Acaso sin propon\u00e9rnoslo, paulatinamente descubrimos los vasos comunicantes que relacionaban nuestras l\u00edneas de investigaci\u00f3n, las cuales, obviamente, est\u00e1n relacionadas con la ense\u00f1anza de la lectura y la escritura a nivel superior.<\/span><\/p><\/div><\/div><\/div><div id=\"\" class=\"brz-css-9wcvmc brz-wrapper brz-animated brz-css-crbe2e brz-css-u9t5lu brz-initialized brz-animate-opacity\" data-brz-iteration-count=\"1\" data-animationid=\"vuliutglfjcebwutbkmjgqabddsnvforjkiw\" data-brz-iteration-completed=\"2\"><div class=\"brz-rich-text brz-rich-text__custom brz-css-obg82e\" data-brz-custom-id=\"xjpaleuzvwsdasydunvsjgfasrbbbuuljozm\"><div data-brz-translate-text=\"1\"><p class=\"brz-text-xs-justify brz-lh-sm-1_8 brz-tp-lg-paragraph brz-fs-sm-17 brz-fs-xs-16 brz-lh-xs-1_7 brz-text-lg-justify brz-css-yset6\" data-generated-css=\"brz-css-sybye\" data-uniq-id=\"ljtkk\">Nuestra aventura, tal y como suele ocurrir en el \u00e1mbito de la docencia universitaria, se origin\u00f3 al compartir experiencias. A trav\u00e9s de los breves comentarios que suelen interrumpir las pl\u00e1ticas entre pares durante los eventos acad\u00e9micos o el diario quehacer docente, descubrimos que todos nos enfrent\u00e1bamos a un mismo problema. La opini\u00f3n casi inobjetable que domina el ambiente de la educaci\u00f3n superior es que los estudiantes no requieren desarrollar sus habilidades lecto- escriturales. Tanto autoridades como profesores y los mismos estudiantes expresan, sin miedo alguno al equ\u00edvoco, que ese tipo de aprendizaje es impropio de las instituciones de educaci\u00f3n superior. Despu\u00e9s de todo, quienes logran ingresar a \u00e9stas han debido atravesar, con \u00e9xito, las m\u00faltiples etapas que conforman la educaci\u00f3n formal en nuestros pa\u00edses. Dicho de otra forma, si bien los bajos niveles de habilidades lecto-escriturales en los alumnos latinoamericanos est\u00e1n ampliamente documentados, suponer que los estudiantes universitarios requieren m\u00e1s clases de lectura y redacci\u00f3n es, simple y llanamente, impensable. Recordemos que \u00e9stos, para ingresar a las aulas de la educaci\u00f3n superior, han debido sobresalir en los exigentes ex\u00e1menes de admisi\u00f3n mediante los cuales nuestras instituciones se aseguran el recibir solamente a los mejores estudiantes. As\u00ed, los problemas de ense\u00f1anza y aprendizaje de las habilidades lecto-escriturales, aunque no sean negados, se atribuyen exclusivamente a las personas que no han podido ingresar a la educaci\u00f3n universitaria.<\/p><\/div><\/div><\/div><div id=\"\" class=\"brz-css-9wcvmc brz-wrapper brz-animated brz-css-evdtjv brz-css-1euhvu brz-initialized brz-animate brz-animate-opacity\" data-brz-iteration-count=\"1\" data-animationid=\"twvqmpwnamueudsoapjuiemnzbzmimbgnpke\" data-brz-iteration-completed=\"2\"><div class=\"brz-rich-text brz-rich-text__custom brz-css-obg82e\" data-brz-custom-id=\"gifmrfjpqdlofxxvhnpzivkmtmclzghoqlsv\"><div data-brz-translate-text=\"1\"><p class=\"brz-text-lg-justify brz-lh-xs-1_7 brz-fs-xs-16 brz-fs-sm-17 brz-tp-lg-paragraph brz-lh-sm-1_8 brz-text-xs-justify brz-css-rHczw\" data-uniq-id=\"omnqh\" data-generated-css=\"brz-css-gwyig\">Resulta parad\u00f3jico que la supuesta improbabilidad de que alumnos poco h\u00e1biles en la escritura y la lectura sea acompa\u00f1ada por una queja recurrentemente escuchada en los pasillos y las salas de juntas de las universidades latinoamericanas: los estudiantes no saben leer ni escribir. Como suele ocurrir en los niveles b\u00e1sicos e intermedios de la educaci\u00f3n, la soluci\u00f3n ideada por los encargados de configurar los planes de estudio consiste, b\u00e1sicamente, en impartir cursos remediales, cursos intersemestrales e, incluso, cursos incluidos en la curr\u00edcula donde un profesor \u2014normalmente proveniente del \u00e1rea de literatura\u2014 intentar\u00e1 solucionar, en unas cuantas sesiones, lo que a\u00f1os de educaci\u00f3n b\u00e1sica e intermedia no pudo lograr. Como es f\u00e1cil imaginar, tales cursos est\u00e1n destinados al fracaso; sin embargo, nuestras instituciones han sido incapaces para idear otras formas de atacar el problema.<\/p><\/div><\/div><\/div><div id=\"\" class=\"brz-css-9wcvmc brz-wrapper brz-animated brz-css-evdtjv brz-css-1boaevf brz-initialized brz-animate brz-animate-opacity\" data-brz-iteration-count=\"1\" data-animationid=\"osibgydpstzoksxvqseufwwpojbcfwffgzva\" data-brz-iteration-completed=\"2\"><div class=\"brz-rich-text brz-rich-text__custom brz-css-obg82e\" data-brz-custom-id=\"zsubsacgflfqggwkdmsaeebijiosaymecgtu\"><div data-brz-translate-text=\"1\"><p class=\"brz-text-lg-justify brz-lh-xs-1_7 brz-fs-xs-16 brz-fs-sm-17 brz-tp-lg-paragraph brz-lh-sm-1_8 brz-text-xs-justify brz-css-oDq_u\" data-uniq-id=\"bjexu\" data-generated-css=\"brz-css-nfhfx\">Por ello, en esta red de investigaci\u00f3n estamos ciertos que visibilizar las situaciones, as\u00ed como probar estrategias puede contribuir a la alfabetizaci\u00f3n de esas grandes cantidades de alumnado en las instituciones de educaci\u00f3n superior.<\/p><\/div><\/div><\/div>\t\t\t\t\t\t\t\t<\/div>\n\t\t\t\t<\/div>\n\t\t\t\t<div class=\"elementor-element elementor-element-1d6798d elementor-widget elementor-widget-image\" data-id=\"1d6798d\" data-element_type=\"widget\" data-e-type=\"widget\" data-widget_type=\"image.default\">\n\t\t\t\t<div class=\"elementor-widget-container\">\n\t\t\t\t\t\t\t\t\t\t\t\t\t\t\t<img fetchpriority=\"high\" decoding=\"async\" width=\"300\" height=\"171\" src=\"https:\/\/relileu.izt.uam.mx\/wp-content\/uploads\/2023\/09\/Logos-Relileu-Video-1-300x171.png\" class=\"attachment-medium size-medium wp-image-5567\" alt=\"\" srcset=\"https:\/\/relileu.izt.uam.mx\/wp-content\/uploads\/2023\/09\/Logos-Relileu-Video-1-300x171.png 300w, https:\/\/relileu.izt.uam.mx\/wp-content\/uploads\/2023\/09\/Logos-Relileu-Video-1-1024x585.png 1024w, https:\/\/relileu.izt.uam.mx\/wp-content\/uploads\/2023\/09\/Logos-Relileu-Video-1-768x439.png 768w, https:\/\/relileu.izt.uam.mx\/wp-content\/uploads\/2023\/09\/Logos-Relileu-Video-1.png 1050w\" sizes=\"(max-width: 300px) 100vw, 300px\" \/>\t\t\t\t\t\t\t\t\t\t\t\t\t\t\t<\/div>\n\t\t\t\t<\/div>\n\t\t\t\t\t<\/div>\n\t\t\t\t<\/div>\n\t\t\t\t<\/div>\n\t\t","protected":false},"excerpt":{"rendered":"<p>Macaroon I love ice cream bear claw icing jelly beans jelly-o gingerbread cookie. Tootsie roll gummi bears liquorice brownie candy canes candy canes I love souffl\u00e9 bear claw.<\/p>\n","protected":false},"author":5,"featured_media":0,"parent":0,"menu_order":0,"comment_status":"closed","ping_status":"closed","template":"","meta":{"footnotes":""},"class_list":["post-5050","page","type-page","status-publish","hentry"],"blocksy_meta":{"page_title_panel":"","has_hero_section":"default","82186985977033cfcdcff05ec1ea349d":"","hero_section":"type-2","hero_elements":[{"id":"custom_title","enabled":true,"heading_tag":"h1","title":"Home","__id":"Vi_RUHfd6F5VThCioCIyt"},{"id":"custom_description","enabled":true,"description_visibility":{"desktop":true,"tablet":true,"mobile":false},"__id":"9qDS80wvGZdw5qPMJ5ZPd"},{"id":"custom_meta","enabled":false,"meta_elements":[{"id":"author","enabled":true,"label":"By","has_author_avatar":"yes","avatar_size":25},{"id":"post_date","enabled":true,"label":"On","date_format_source":"default","date_format":"M j, Y"},{"id":"comments","enabled":true}],"page_meta_elements":{"joined":true,"articles_count":true,"comments":true},"__id":"QUpNiQYynnTCck3Psx-Ot"},{"id":"breadcrumbs","enabled":false,"__id":"jQQStnZ6U9eJj99REFGKM"}],"59f1d5f0dbb09d7fe9689f736da32f75":"","hero_alignment1":"left","hero_margin":40,"hero_alignment2":"center","hero_vertical_alignment":"center","faa05a054595c3a78dd4bf6bdb71f9dd":"","hero_structure":"narrow","deed5c22c2bf77f5cb79f1d24e1f0221":"","page_title_bg_type":"featured_image","custom_hero_background":{"attachment_id":null},"parallax":{"desktop":false,"tablet":false,"mobile":false},"6284f8ff93918bb90f2dca214ccf4da3":"","hero_height":"250px","pageTitleFont":{"family":"Default","variation":"Default","size":{"desktop":"32px","tablet":"30px","mobile":"25px"},"line-height":"CT_CSS_SKIP_RULE","letter-spacing":"CT_CSS_SKIP_RULE","text-transform":"CT_CSS_SKIP_RULE","text-decoration":"CT_CSS_SKIP_RULE"},"pageTitleFontColor":{"default":{"color":"CT_CSS_SKIP_RULEDEFAULT"}},"1370984e62c962f1b6905ea1cd3b100e":"","pageMetaFont":{"family":"Default","variation":"n6","size":"12px","line-height":"1.3","letter-spacing":"CT_CSS_SKIP_RULE","text-transform":"uppercase","text-decoration":"CT_CSS_SKIP_RULE"},"pageMetaFontColor":{"default":{"color":"CT_CSS_SKIP_RULEDEFAULT"},"hover":{"color":"CT_CSS_SKIP_RULEDEFAULT"}},"page_meta_button_type_font_colors":{"default":{"color":"CT_CSS_SKIP_RULEDEFAULT"},"hover":{"color":"CT_CSS_SKIP_RULEDEFAULT"}},"page_meta_button_type_background_colors":{"default":{"color":"CT_CSS_SKIP_RULEDEFAULT"},"hover":{"color":"CT_CSS_SKIP_RULEDEFAULT"}},"bc792f0f37a8ffa4ef48c3bb7f6167af":"","pageExcerptFont":{"family":"Default","variation":"Default","size":"CT_CSS_SKIP_RULE","line-height":"CT_CSS_SKIP_RULE","letter-spacing":"CT_CSS_SKIP_RULE","text-transform":"CT_CSS_SKIP_RULE","text-decoration":"CT_CSS_SKIP_RULE"},"pageExcerptColor":{"default":{"color":"CT_CSS_SKIP_RULEDEFAULT"}},"fe6d4e4713896b81baaaf4adaa543ac0":"","breadcrumbsFont":{"family":"Default","variation":"n6","size":"12px","line-height":"CT_CSS_SKIP_RULE","letter-spacing":"CT_CSS_SKIP_RULE","text-transform":"uppercase","text-decoration":"CT_CSS_SKIP_RULE"},"breadcrumbsFontColor":{"default":{"color":"CT_CSS_SKIP_RULEDEFAULT"},"initial":{"color":"CT_CSS_SKIP_RULEDEFAULT"},"hover":{"color":"CT_CSS_SKIP_RULEDEFAULT"}},"0eb3c3375f3199b73a35da9a94f19119":"","pageTitleOverlay":{"default":{"color":"CT_CSS_SKIP_RULE"}},"d43cfbf999ecd932053e49322bcd87f0":"","pageTitleBackground":{"background_type":"color","background_pattern":"type-1","background_image":{"attachment_id":null,"x":0,"y":0},"gradient":"linear-gradient(135deg,rgba(6,147,227,1) 0%,rgb(155,81,224) 100%)","background_repeat":"no-repeat","background_size":"auto","background_attachment":"scroll","patternColor":{"default":{"color":"#e5e7ea"}},"overlayColor":{"default":{"color":"CT_CSS_SKIP_RULE"}},"backgroundColor":{"default":{"color":"var(--theme-palette-color-6)"}}},"4559a0bd6a4716fce7886d77d87658dc":"","pageTitlePadding":{"top":"50px","bottom":"50px","left":"auto","right":"auto","linked":true},"e1e37ab80b8812add0144b0ac6ead728":"","page_structure_type":"default","4c1068748b5f184e5633eedf014124ed":"","content_style_source":"inherit","content_style":"wide","vertical_spacing_source":"custom","content_area_spacing":"none","background":{"background_type":"color","background_pattern":"type-1","background_image":{"attachment_id":null,"x":0,"y":0},"gradient":"linear-gradient(135deg,rgba(6,147,227,1) 0%,rgb(155,81,224) 100%)","background_repeat":"no-repeat","background_size":"auto","background_attachment":"scroll","patternColor":{"default":{"color":"#e5e7ea"}},"overlayColor":{"default":{"color":"CT_CSS_SKIP_RULE"}},"backgroundColor":{"default":{"color":"CT_CSS_SKIP_RULE"}}},"content_background":{"background_type":"color","background_pattern":"type-1","background_image":{"attachment_id":null,"x":0,"y":0},"gradient":"linear-gradient(135deg,rgba(6,147,227,1) 0%,rgb(155,81,224) 100%)","background_repeat":"no-repeat","background_size":"auto","background_attachment":"scroll","patternColor":{"default":{"color":"#e5e7ea"}},"overlayColor":{"default":{"color":"CT_CSS_SKIP_RULE"}},"backgroundColor":{"default":{"color":"var(--theme-palette-color-8)"}}},"content_boxed_shadow":{"inherit":false,"blur":18,"spread":-6,"v_offset":12,"h_offset":0,"inset":false,"enable":true,"color":{"color":"rgba(34, 56, 101, 0.04)"}},"boxed_content_spacing":{"desktop":{"top":"40px","bottom":"40px","left":"40px","right":"40px","linked":true},"tablet":{"top":"35px","bottom":"35px","left":"35px","right":"35px","linked":true},"mobile":{"top":"20px","bottom":"20px","left":"20px","right":"20px","linked":true}},"content_boxed_radius":{"top":"3px","bottom":"3px","left":"3px","right":"3px","linked":true},"bcd239aea6858b06d1964584ff6fa8f3":"","disable_featured_image":"no","disable_header":"no","disable_footer":"no","styles_descriptor":{"styles":{"desktop":"","tablet":"","mobile":""},"google_fonts":[]},"0430a42247c8872016366d1e37cdb8ef":"","497bc35abb15a7a2506b28b3928dcdbd":"","103fea009d0d38d1504c18a86cf9b0a6":"","199d26c5ed74cba008418135d2dd459e":"","e7589f12a391e528139a8c97daa4748e":"","ac9f0ce92759a788bb9e7f050ac6439e":"","efb0bd7343badb5a7fd9c73ffee896b5":"","c45e3d6c5da0b3b385c1cca075c2bad3":"","897f5f0331add6cf2f81829f3aa00d1c":"","d1ea36888d15188a49aa8600d9c60465":"","1bbc7299db0d3d1e15b5d8d5e377e0c8":"","4cbdf63aa9e74457617be4c1c6a42884":"","339683ba98cb8dba9d4199cd61f0029b":"","8db9301ba07e313bc59ca5abffd41117":""},"_links":{"self":[{"href":"https:\/\/relileu.izt.uam.mx\/index.php\/wp-json\/wp\/v2\/pages\/5050","targetHints":{"allow":["GET"]}}],"collection":[{"href":"https:\/\/relileu.izt.uam.mx\/index.php\/wp-json\/wp\/v2\/pages"}],"about":[{"href":"https:\/\/relileu.izt.uam.mx\/index.php\/wp-json\/wp\/v2\/types\/page"}],"author":[{"embeddable":true,"href":"https:\/\/relileu.izt.uam.mx\/index.php\/wp-json\/wp\/v2\/users\/5"}],"replies":[{"embeddable":true,"href":"https:\/\/relileu.izt.uam.mx\/index.php\/wp-json\/wp\/v2\/comments?post=5050"}],"version-history":[{"count":11,"href":"https:\/\/relileu.izt.uam.mx\/index.php\/wp-json\/wp\/v2\/pages\/5050\/revisions"}],"predecessor-version":[{"id":6018,"href":"https:\/\/relileu.izt.uam.mx\/index.php\/wp-json\/wp\/v2\/pages\/5050\/revisions\/6018"}],"wp:attachment":[{"href":"https:\/\/relileu.izt.uam.mx\/index.php\/wp-json\/wp\/v2\/media?parent=5050"}],"curies":[{"name":"wp","href":"https:\/\/api.w.org\/{rel}","templated":true}]}}